{"id":10,"date":"2026-01-03T09:54:28","date_gmt":"2026-01-03T09:54:28","guid":{"rendered":"http:\/\/adassonval.com\/?page_id=10"},"modified":"2026-03-09T07:47:00","modified_gmt":"2026-03-09T07:47:00","slug":"acceuil","status":"publish","type":"page","link":"https:\/\/adassonval.com\/","title":{"rendered":"acceuil"},"content":{"rendered":"\t\t<div data-elementor-type=\"wp-page\" data-elementor-id=\"10\" class=\"elementor elementor-10\">\n\t\t\t\t<div class=\"elementor-element elementor-element-d1c9ddf e-flex e-con-boxed e-con e-parent\" data-id=\"d1c9ddf\" data-element_type=\"container\" data-e-type=\"container\" data-settings=\"{&quot;background_background&quot;:&quot;classic&quot;}\">\n\t\t\t\t\t<div class=\"e-con-inner\">\n\t\t<div class=\"elementor-element elementor-element-7cf0388 e-con-full e-flex e-con e-child\" data-id=\"7cf0388\" data-element_type=\"container\" data-e-type=\"container\">\n\t\t\t\t<div class=\"elementor-element elementor-element-c29b671 elementor-widget elementor-widget-heading\" data-id=\"c29b671\" data-element_type=\"widget\" data-e-type=\"widget\" data-widget_type=\"heading.default\">\n\t\t\t\t\t<h2 class=\"elementor-heading-title elementor-size-default\">Cr\u00e9ons ensemble votre site web<\/h2>\t\t\t\t<\/div>\n\t\t\t\t<div class=\"elementor-element elementor-element-99c1175 elementor-widget elementor-widget-text-editor\" data-id=\"99c1175\" data-element_type=\"widget\" data-e-type=\"widget\" data-widget_type=\"text-editor.default\">\n\t\t\t\t\t\t\t\t\t<p>Bonjour, je suis <b data-path-to-node=\"8,0\" data-index-in-node=\"18\">Axel Dassonval<\/b>, d\u00e9veloppeur web \u00e0 Reims. Je r\u00e9alise avec vous vos projets web (entreprises, associations ou particuliers). Mon r\u00f4le est de vous guider \u00e0 chaque \u00e9tape, du choix du design \u00e0 la mise en ligne, pour mener \u00e0 bien votre vision ensemble.<\/p>\t\t\t\t\t\t\t\t<\/div>\n\t\t\t\t<div class=\"elementor-element elementor-element-7ecc92a elementor-align-right elementor-widget elementor-widget-button\" data-id=\"7ecc92a\" data-element_type=\"widget\" data-e-type=\"widget\" data-widget_type=\"button.default\">\n\t\t\t\t\t\t\t\t\t\t<a class=\"elementor-button elementor-button-link elementor-size-sm elementor-animation-grow\" href=\"http:\/\/adassonval.com\/index.php\/nos-service\/\">\n\t\t\t\t\t\t<span class=\"elementor-button-content-wrapper\">\n\t\t\t\t\t\t\t\t\t<span class=\"elementor-button-text\">En savoir plus<\/span>\n\t\t\t\t\t<\/span>\n\t\t\t\t\t<\/a>\n\t\t\t\t\t\t\t\t<\/div>\n\t\t\t\t<\/div>\n\t\t\t\t<div class=\"elementor-element elementor-element-44d9d3a elementor-widget elementor-widget-image\" data-id=\"44d9d3a\" data-element_type=\"widget\" data-e-type=\"widget\" data-widget_type=\"image.default\">\n\t\t\t\t\t\t\t\t\t\t\t\t\t\t\t<img fetchpriority=\"high\" decoding=\"async\" width=\"1024\" height=\"796\" src=\"https:\/\/adassonval.com\/wp-content\/uploads\/2026\/02\/web-design-1024x796.png\" class=\"attachment-large size-large wp-image-237\" alt=\"\" srcset=\"https:\/\/adassonval.com\/wp-content\/uploads\/2026\/02\/web-design-1024x796.png 1024w, https:\/\/adassonval.com\/wp-content\/uploads\/2026\/02\/web-design-300x233.png 300w, https:\/\/adassonval.com\/wp-content\/uploads\/2026\/02\/web-design-768x597.png 768w, https:\/\/adassonval.com\/wp-content\/uploads\/2026\/02\/web-design.png 1152w\" sizes=\"(max-width: 1024px) 100vw, 1024px\" \/>\t\t\t\t\t\t\t\t\t\t\t\t\t\t\t<\/div>\n\t\t\t\t\t<\/div>\n\t\t\t\t<\/div>\n\t\t<div class=\"elementor-element elementor-element-a478fcc e-flex e-con-boxed e-con e-parent\" data-id=\"a478fcc\" data-element_type=\"container\" data-e-type=\"container\">\n\t\t\t\t\t<div class=\"e-con-inner\">\n\t\t\t\t<div class=\"elementor-element elementor-element-2823bd2 elementor-widget elementor-widget-heading\" data-id=\"2823bd2\" data-element_type=\"widget\" data-e-type=\"widget\" data-widget_type=\"heading.default\">\n\t\t\t\t\t<h2 class=\"elementor-heading-title elementor-size-default\">Mes solutions<\/h2>\t\t\t\t<\/div>\n\t\t<div class=\"elementor-element elementor-element-40b3acd e-con-full e-flex e-con e-child\" data-id=\"40b3acd\" data-element_type=\"container\" data-e-type=\"container\">\n\t\t<div class=\"elementor-element elementor-element-c589d79 e-con-full e-flex e-con e-child\" data-id=\"c589d79\" data-element_type=\"container\" data-e-type=\"container\">\n\t\t\t\t<div class=\"elementor-element elementor-element-448f3d1 elementor-position-top elementor-widget elementor-widget-image-box\" data-id=\"448f3d1\" data-element_type=\"widget\" data-e-type=\"widget\" data-widget_type=\"image-box.default\">\n\t\t\t\t\t<div class=\"elementor-image-box-wrapper\"><figure class=\"elementor-image-box-img\"><a href=\"https:\/\/adassonval.com\/index.php\/nos-service\/\" tabindex=\"-1\"><img decoding=\"async\" width=\"581\" height=\"412\" src=\"https:\/\/adassonval.com\/wp-content\/uploads\/2026\/01\/Shop-orange-1-e1767471637968.png\" class=\"attachment-full size-full wp-image-62\" alt=\"\" srcset=\"https:\/\/adassonval.com\/wp-content\/uploads\/2026\/01\/Shop-orange-1-e1767471637968.png 581w, https:\/\/adassonval.com\/wp-content\/uploads\/2026\/01\/Shop-orange-1-e1767471637968-300x213.png 300w\" sizes=\"(max-width: 581px) 100vw, 581px\" \/><\/a><\/figure><div class=\"elementor-image-box-content\"><h3 class=\"elementor-image-box-title\"><a href=\"https:\/\/adassonval.com\/index.php\/nos-service\/\">Site e-commerce<\/a><\/h3><p class=\"elementor-image-box-description\"><b data-path-to-node=\"6,0\" data-index-in-node=\"0\">Le Site E-commerce : Votre boutique en ligne compl\u00e8te.<\/b> <br>C'est un v\u00e9ritable magasin d\u00e9mat\u00e9rialis\u00e9. Il permet aux clients de parcourir un catalogue, d'ajouter des produits \u00e0 un panier et de payer directement de mani\u00e8re s\u00e9curis\u00e9e. Son objectif est de transformer chaque visite en vente imm\u00e9diate.<\/p><\/div><\/div>\t\t\t\t<\/div>\n\t\t\t\t<div class=\"elementor-element elementor-element-ede0dbb elementor-align-center elementor-widget elementor-widget-button\" data-id=\"ede0dbb\" data-element_type=\"widget\" data-e-type=\"widget\" data-widget_type=\"button.default\">\n\t\t\t\t\t\t\t\t\t\t<a class=\"elementor-button elementor-button-link elementor-size-sm\" href=\"https:\/\/adassonval.com\/index.php\/contact\/\">\n\t\t\t\t\t\t<span class=\"elementor-button-content-wrapper\">\n\t\t\t\t\t\t\t\t\t<span class=\"elementor-button-text\">Me contacter<\/span>\n\t\t\t\t\t<\/span>\n\t\t\t\t\t<\/a>\n\t\t\t\t\t\t\t\t<\/div>\n\t\t\t\t<\/div>\n\t\t<div class=\"elementor-element elementor-element-e466a4a e-con-full e-flex e-con e-child\" data-id=\"e466a4a\" data-element_type=\"container\" data-e-type=\"container\">\n\t\t\t\t<div class=\"elementor-element elementor-element-b8646d9 elementor-position-top elementor-widget elementor-widget-image-box\" data-id=\"b8646d9\" data-element_type=\"widget\" data-e-type=\"widget\" data-widget_type=\"image-box.default\">\n\t\t\t\t\t<div class=\"elementor-image-box-wrapper\"><figure class=\"elementor-image-box-img\"><a href=\"https:\/\/adassonval.com\/index.php\/nos-service\/\" tabindex=\"-1\"><img decoding=\"async\" width=\"744\" height=\"530\" src=\"https:\/\/adassonval.com\/wp-content\/uploads\/2026\/01\/vitrine-Rose-e1767471670899.png\" class=\"attachment-full size-full wp-image-59\" alt=\"\" srcset=\"https:\/\/adassonval.com\/wp-content\/uploads\/2026\/01\/vitrine-Rose-e1767471670899.png 744w, https:\/\/adassonval.com\/wp-content\/uploads\/2026\/01\/vitrine-Rose-e1767471670899-300x214.png 300w\" sizes=\"(max-width: 744px) 100vw, 744px\" \/><\/a><\/figure><div class=\"elementor-image-box-content\"><h3 class=\"elementor-image-box-title\"><a href=\"https:\/\/adassonval.com\/index.php\/nos-service\/\">Site vitrine<\/a><\/h3><p class=\"elementor-image-box-description\"><b data-path-to-node=\"3,0\" data-index-in-node=\"0\">Le Site Vitrine : Votre carte de visite 24h\/24.<\/b> <br>Comme une vitrine de magasin, ce site sert \u00e0 pr\u00e9senter votre activit\u00e9, vos services et vos r\u00e9alisations. Son objectif est de rassurer vos clients, de renforcer votre image de marque et de g\u00e9n\u00e9rer des prises de contact (appels ou messages).<\/p><\/div><\/div>\t\t\t\t<\/div>\n\t\t\t\t<div class=\"elementor-element elementor-element-da7abf3 elementor-align-center elementor-widget elementor-widget-button\" data-id=\"da7abf3\" data-element_type=\"widget\" data-e-type=\"widget\" data-widget_type=\"button.default\">\n\t\t\t\t\t\t\t\t\t\t<a class=\"elementor-button elementor-button-link elementor-size-sm\" href=\"https:\/\/adassonval.com\/index.php\/contact\/\">\n\t\t\t\t\t\t<span class=\"elementor-button-content-wrapper\">\n\t\t\t\t\t\t\t\t\t<span class=\"elementor-button-text\">Me contacter<\/span>\n\t\t\t\t\t<\/span>\n\t\t\t\t\t<\/a>\n\t\t\t\t\t\t\t\t<\/div>\n\t\t\t\t<\/div>\n\t\t\t\t<\/div>\n\t\t\t\t\t<\/div>\n\t\t\t\t<\/div>\n\t\t<div class=\"elementor-element elementor-element-064dbd1 e-flex e-con-boxed e-con e-parent\" data-id=\"064dbd1\" data-element_type=\"container\" data-e-type=\"container\">\n\t\t\t\t\t<div class=\"e-con-inner\">\n\t\t\t\t<div class=\"elementor-element elementor-element-8ed43e8 elementor-widget elementor-widget-heading\" data-id=\"8ed43e8\" data-element_type=\"widget\" data-e-type=\"widget\" data-widget_type=\"heading.default\">\n\t\t\t\t\t<h2 class=\"elementor-heading-title elementor-size-default\">\u00c0 propos de moi<\/h2>\t\t\t\t<\/div>\n\t\t\t\t<div class=\"elementor-element elementor-element-55c7b3d elementor-widget elementor-widget-text-editor\" data-id=\"55c7b3d\" data-element_type=\"widget\" data-e-type=\"widget\" data-widget_type=\"text-editor.default\">\n\t\t\t\t\t\t\t\t\t<p data-path-to-node=\"4\"><span data-path-to-node=\"4,0\"><b data-path-to-node=\"4,0\" data-index-in-node=\"0\">D\u00e9veloppeur Full Stack, dipl\u00f4m\u00e9 d&rsquo;Epitech<\/b>, je mets mon\u00a0<b data-path-to-node=\"4,0\" data-index-in-node=\"67\">exp\u00e9rience professionnelle<\/b> au service de vos projets digitaux<\/span><span data-path-to-node=\"4,2\">.\u00a0<\/span><span style=\"font-size: 18px;\">Actuellement <\/span><b style=\"font-size: 18px;\" data-path-to-node=\"4,2\" data-index-in-node=\"15\">en poste \u00e0 temps plein chez Peaks<\/b><span style=\"font-size: 18px;\">, j&rsquo;interviens quotidiennement sur des probl\u00e9matiques techniques pour mes clients.<\/span><\/p><p data-path-to-node=\"4\"><span data-path-to-node=\"3,2,0\">En compl\u00e9ment de mon activit\u00e9 principale, je propose mes services en <b data-path-to-node=\"3,2,0\" data-index-in-node=\"69\">freelance sur mon temps libre<\/b>. <\/span><span data-path-to-node=\"3,2,2\"><span class=\"citation-203\">Mon parcours, marqu\u00e9 par des exp\u00e9riences significatives chez <\/span><b data-path-to-node=\"3,2,2\" data-index-in-node=\"61\"><span class=\"citation-203\">Ikigai<\/span><\/b> <\/span><span data-path-to-node=\"3,2,5\"><span class=\"citation-202\">et <\/span><b data-path-to-node=\"3,2,5\" data-index-in-node=\"3\"><span class=\"citation-202\">Myloby<\/span><\/b><\/span><span data-path-to-node=\"3,2,7\">, m&rsquo;a permis de d\u00e9velopper une expertise solide dans la cr\u00e9ation d&rsquo;applications et de sites web performants. De la conception de nouvelles fonctionnalit\u00e9s \u00e0 l&rsquo;optimisation de code, je m&rsquo;assure que chaque solution est \u00e9volutive et robuste.<\/span><\/p><p data-path-to-node=\"6\"><span data-path-to-node=\"6,1\">Sp\u00e9cialis\u00e9 dans les technologies <strong>JavaScript<\/strong><\/span><span style=\"font-size: 18px;\" data-path-to-node=\"6,1\">, je vous accompagne dans la r\u00e9alisation de vos projets<\/span><span style=\"font-size: 18px;\" data-path-to-node=\"6,3\">.<\/span><\/p>\t\t\t\t\t\t\t\t<\/div>\n\t\t\t\t<div class=\"elementor-element elementor-element-58e6eec elementor-align-right elementor-widget elementor-widget-button\" data-id=\"58e6eec\" data-element_type=\"widget\" data-e-type=\"widget\" data-widget_type=\"button.default\">\n\t\t\t\t\t\t\t\t\t\t<a class=\"elementor-button elementor-button-link elementor-size-sm\" href=\"https:\/\/adassonval.com\/index.php\/mes-reference\/\">\n\t\t\t\t\t\t<span class=\"elementor-button-content-wrapper\">\n\t\t\t\t\t\t\t\t\t<span class=\"elementor-button-text\">En apprendre plus<\/span>\n\t\t\t\t\t<\/span>\n\t\t\t\t\t<\/a>\n\t\t\t\t\t\t\t\t<\/div>\n\t\t\t\t\t<\/div>\n\t\t\t\t<\/div>\n\t\t\t\t<\/div>\n\t\t","protected":false},"excerpt":{"rendered":"<p>Cr\u00e9ons ensemble votre site web Bonjour, je suis Axel Dassonval, d\u00e9veloppeur web \u00e0 Reims. Je r\u00e9alise avec vous vos projets web (entreprises, associations ou particuliers). Mon r\u00f4le est de vous guider \u00e0 chaque \u00e9tape, du choix du design \u00e0 la mise en ligne, pour mener \u00e0 bien votre vision ensemble. En savoir plus Mes solutions [&hellip;]<\/p>\n","protected":false},"author":1,"featured_media":0,"parent":0,"menu_order":0,"comment_status":"closed","ping_status":"closed","template":"elementor_header_footer","meta":{"ocean_post_layout":"","ocean_both_sidebars_style":"","ocean_both_sidebars_content_width":0,"ocean_both_sidebars_sidebars_width":0,"ocean_sidebar":"","ocean_second_sidebar":"","ocean_disable_margins":"enable","ocean_add_body_class":"","ocean_shortcode_before_top_bar":"","ocean_shortcode_after_top_bar":"","ocean_shortcode_before_header":"","ocean_shortcode_after_header":"","ocean_has_shortcode":"","ocean_shortcode_after_title":"","ocean_shortcode_before_footer_widgets":"","ocean_shortcode_after_footer_widgets":"","ocean_shortcode_before_footer_bottom":"","ocean_shortcode_after_footer_bottom":"","ocean_display_top_bar":"default","ocean_display_header":"default","ocean_header_style":"","ocean_center_header_left_menu":"","ocean_custom_header_template":"","ocean_custom_logo":0,"ocean_custom_retina_logo":0,"ocean_custom_logo_max_width":0,"ocean_custom_logo_tablet_max_width":0,"ocean_custom_logo_mobile_max_width":0,"ocean_custom_logo_max_height":0,"ocean_custom_logo_tablet_max_height":0,"ocean_custom_logo_mobile_max_height":0,"ocean_header_custom_menu":"","ocean_menu_typo_font_family":"","ocean_menu_typo_font_subset":"","ocean_menu_typo_font_size":0,"ocean_menu_typo_font_size_tablet":0,"ocean_menu_typo_font_size_mobile":0,"ocean_menu_typo_font_size_unit":"px","ocean_menu_typo_font_weight":"","ocean_menu_typo_font_weight_tablet":"","ocean_menu_typo_font_weight_mobile":"","ocean_menu_typo_transform":"","ocean_menu_typo_transform_tablet":"","ocean_menu_typo_transform_mobile":"","ocean_menu_typo_line_height":0,"ocean_menu_typo_line_height_tablet":0,"ocean_menu_typo_line_height_mobile":0,"ocean_menu_typo_line_height_unit":"","ocean_menu_typo_spacing":0,"ocean_menu_typo_spacing_tablet":0,"ocean_menu_typo_spacing_mobile":0,"ocean_menu_typo_spacing_unit":"","ocean_menu_link_color":"","ocean_menu_link_color_hover":"","ocean_menu_link_color_active":"","ocean_menu_link_background":"","ocean_menu_link_hover_background":"","ocean_menu_link_active_background":"","ocean_menu_social_links_bg":"","ocean_menu_social_hover_links_bg":"","ocean_menu_social_links_color":"","ocean_menu_social_hover_links_color":"","ocean_disable_title":"on","ocean_disable_heading":"default","ocean_post_title":"","ocean_post_subheading":"","ocean_post_title_style":"","ocean_post_title_background_color":"","ocean_post_title_background":0,"ocean_post_title_bg_image_position":"","ocean_post_title_bg_image_attachment":"","ocean_post_title_bg_image_repeat":"","ocean_post_title_bg_image_size":"","ocean_post_title_height":0,"ocean_post_title_bg_overlay":0.5,"ocean_post_title_bg_overlay_color":"","ocean_disable_breadcrumbs":"default","ocean_breadcrumbs_color":"","ocean_breadcrumbs_separator_color":"","ocean_breadcrumbs_links_color":"","ocean_breadcrumbs_links_hover_color":"","ocean_display_footer_widgets":"default","ocean_display_footer_bottom":"default","ocean_custom_footer_template":"","footnotes":""},"class_list":["post-10","page","type-page","status-publish","hentry","entry"],"yoast_head":"<!-- This site is optimized with the Yoast SEO plugin v27.2 - https:\/\/yoast.com\/product\/yoast-seo-wordpress\/ -->\n<title>D\u00e9veloppeur Web Reims | Axel Dassonval - Sites sur Mesure<\/title>\n<meta name=\"description\" content=\"D\u00e9veloppeur web \u00e0 Reims, j&#039;accompagne entreprises, associations et particulier dans leurs projets. Cr\u00e9ons ensemble votre site web.\" \/>\n<meta name=\"robots\" content=\"index, follow, max-snippet:-1, max-image-preview:large, max-video-preview:-1\" \/>\n<link rel=\"canonical\" href=\"https:\/\/adassonval.com\/\" \/>\n<meta property=\"og:locale\" content=\"fr_FR\" \/>\n<meta property=\"og:type\" content=\"article\" \/>\n<meta property=\"og:title\" content=\"D\u00e9veloppeur Web Reims | Axel Dassonval - Sites sur Mesure\" \/>\n<meta property=\"og:description\" content=\"D\u00e9veloppeur web \u00e0 Reims, j&#039;accompagne entreprises, associations et particulier dans leurs projets. Cr\u00e9ons ensemble votre site web.\" \/>\n<meta property=\"og:url\" content=\"https:\/\/adassonval.com\/\" \/>\n<meta property=\"og:site_name\" content=\"ADassonval\" \/>\n<meta property=\"article:modified_time\" content=\"2026-03-09T07:47:00+00:00\" \/>\n<meta property=\"og:image\" content=\"http:\/\/adassonval.com\/wp-content\/uploads\/2026\/02\/web-design-1024x796.png\" \/>\n<meta name=\"twitter:card\" content=\"summary_large_image\" \/>\n<meta name=\"twitter:label1\" content=\"Dur\u00e9e de lecture estim\u00e9e\" \/>\n\t<meta name=\"twitter:data1\" content=\"2 minutes\" \/>\n<script type=\"application\/ld+json\" class=\"yoast-schema-graph\">{\"@context\":\"https:\/\/schema.org\",\"@graph\":[{\"@type\":\"WebPage\",\"@id\":\"https:\/\/adassonval.com\/\",\"url\":\"https:\/\/adassonval.com\/\",\"name\":\"D\u00e9veloppeur Web Reims | Axel Dassonval - Sites sur Mesure\",\"isPartOf\":{\"@id\":\"https:\/\/adassonval.com\/#website\"},\"primaryImageOfPage\":{\"@id\":\"https:\/\/adassonval.com\/#primaryimage\"},\"image\":{\"@id\":\"https:\/\/adassonval.com\/#primaryimage\"},\"thumbnailUrl\":\"http:\/\/adassonval.com\/wp-content\/uploads\/2026\/02\/web-design-1024x796.png\",\"datePublished\":\"2026-01-03T09:54:28+00:00\",\"dateModified\":\"2026-03-09T07:47:00+00:00\",\"description\":\"D\u00e9veloppeur web \u00e0 Reims, j'accompagne entreprises, associations et particulier dans leurs projets. Cr\u00e9ons ensemble votre site web.\",\"breadcrumb\":{\"@id\":\"https:\/\/adassonval.com\/#breadcrumb\"},\"inLanguage\":\"fr-FR\",\"potentialAction\":[{\"@type\":\"ReadAction\",\"target\":[\"https:\/\/adassonval.com\/\"]}]},{\"@type\":\"ImageObject\",\"inLanguage\":\"fr-FR\",\"@id\":\"https:\/\/adassonval.com\/#primaryimage\",\"url\":\"https:\/\/adassonval.com\/wp-content\/uploads\/2026\/02\/web-design.png\",\"contentUrl\":\"https:\/\/adassonval.com\/wp-content\/uploads\/2026\/02\/web-design.png\",\"width\":1152,\"height\":896},{\"@type\":\"BreadcrumbList\",\"@id\":\"https:\/\/adassonval.com\/#breadcrumb\",\"itemListElement\":[{\"@type\":\"ListItem\",\"position\":1,\"name\":\"Accueil\",\"item\":\"https:\/\/adassonval.com\/\"},{\"@type\":\"ListItem\",\"position\":2,\"name\":\"acceuil\"}]},{\"@type\":\"WebSite\",\"@id\":\"https:\/\/adassonval.com\/#website\",\"url\":\"https:\/\/adassonval.com\/\",\"name\":\"ADassonval\",\"description\":\"\",\"publisher\":{\"@id\":\"https:\/\/adassonval.com\/#organization\"},\"potentialAction\":[{\"@type\":\"SearchAction\",\"target\":{\"@type\":\"EntryPoint\",\"urlTemplate\":\"https:\/\/adassonval.com\/?s={search_term_string}\"},\"query-input\":{\"@type\":\"PropertyValueSpecification\",\"valueRequired\":true,\"valueName\":\"search_term_string\"}}],\"inLanguage\":\"fr-FR\"},{\"@type\":\"Organization\",\"@id\":\"https:\/\/adassonval.com\/#organization\",\"name\":\"ADassonval\",\"url\":\"https:\/\/adassonval.com\/\",\"logo\":{\"@type\":\"ImageObject\",\"inLanguage\":\"fr-FR\",\"@id\":\"https:\/\/adassonval.com\/#\/schema\/logo\/image\/\",\"url\":\"https:\/\/adassonval.com\/wp-content\/uploads\/2026\/01\/cropped-logo-b.png\",\"contentUrl\":\"https:\/\/adassonval.com\/wp-content\/uploads\/2026\/01\/cropped-logo-b.png\",\"width\":1534,\"height\":672,\"caption\":\"ADassonval\"},\"image\":{\"@id\":\"https:\/\/adassonval.com\/#\/schema\/logo\/image\/\"}}]}<\/script>\n<!-- \/ Yoast SEO plugin. -->","yoast_head_json":{"title":"D\u00e9veloppeur Web Reims | Axel Dassonval - Sites sur Mesure","description":"D\u00e9veloppeur web \u00e0 Reims, j'accompagne entreprises, associations et particulier dans leurs projets. Cr\u00e9ons ensemble votre site web.","robots":{"index":"index","follow":"follow","max-snippet":"max-snippet:-1","max-image-preview":"max-image-preview:large","max-video-preview":"max-video-preview:-1"},"canonical":"https:\/\/adassonval.com\/","og_locale":"fr_FR","og_type":"article","og_title":"D\u00e9veloppeur Web Reims | Axel Dassonval - Sites sur Mesure","og_description":"D\u00e9veloppeur web \u00e0 Reims, j'accompagne entreprises, associations et particulier dans leurs projets. Cr\u00e9ons ensemble votre site web.","og_url":"https:\/\/adassonval.com\/","og_site_name":"ADassonval","article_modified_time":"2026-03-09T07:47:00+00:00","og_image":[{"url":"http:\/\/adassonval.com\/wp-content\/uploads\/2026\/02\/web-design-1024x796.png","type":"","width":"","height":""}],"twitter_card":"summary_large_image","twitter_misc":{"Dur\u00e9e de lecture estim\u00e9e":"2 minutes"},"schema":{"@context":"https:\/\/schema.org","@graph":[{"@type":"WebPage","@id":"https:\/\/adassonval.com\/","url":"https:\/\/adassonval.com\/","name":"D\u00e9veloppeur Web Reims | Axel Dassonval - Sites sur Mesure","isPartOf":{"@id":"https:\/\/adassonval.com\/#website"},"primaryImageOfPage":{"@id":"https:\/\/adassonval.com\/#primaryimage"},"image":{"@id":"https:\/\/adassonval.com\/#primaryimage"},"thumbnailUrl":"http:\/\/adassonval.com\/wp-content\/uploads\/2026\/02\/web-design-1024x796.png","datePublished":"2026-01-03T09:54:28+00:00","dateModified":"2026-03-09T07:47:00+00:00","description":"D\u00e9veloppeur web \u00e0 Reims, j'accompagne entreprises, associations et particulier dans leurs projets. Cr\u00e9ons ensemble votre site web.","breadcrumb":{"@id":"https:\/\/adassonval.com\/#breadcrumb"},"inLanguage":"fr-FR","potentialAction":[{"@type":"ReadAction","target":["https:\/\/adassonval.com\/"]}]},{"@type":"ImageObject","inLanguage":"fr-FR","@id":"https:\/\/adassonval.com\/#primaryimage","url":"https:\/\/adassonval.com\/wp-content\/uploads\/2026\/02\/web-design.png","contentUrl":"https:\/\/adassonval.com\/wp-content\/uploads\/2026\/02\/web-design.png","width":1152,"height":896},{"@type":"BreadcrumbList","@id":"https:\/\/adassonval.com\/#breadcrumb","itemListElement":[{"@type":"ListItem","position":1,"name":"Accueil","item":"https:\/\/adassonval.com\/"},{"@type":"ListItem","position":2,"name":"acceuil"}]},{"@type":"WebSite","@id":"https:\/\/adassonval.com\/#website","url":"https:\/\/adassonval.com\/","name":"ADassonval","description":"","publisher":{"@id":"https:\/\/adassonval.com\/#organization"},"potentialAction":[{"@type":"SearchAction","target":{"@type":"EntryPoint","urlTemplate":"https:\/\/adassonval.com\/?s={search_term_string}"},"query-input":{"@type":"PropertyValueSpecification","valueRequired":true,"valueName":"search_term_string"}}],"inLanguage":"fr-FR"},{"@type":"Organization","@id":"https:\/\/adassonval.com\/#organization","name":"ADassonval","url":"https:\/\/adassonval.com\/","logo":{"@type":"ImageObject","inLanguage":"fr-FR","@id":"https:\/\/adassonval.com\/#\/schema\/logo\/image\/","url":"https:\/\/adassonval.com\/wp-content\/uploads\/2026\/01\/cropped-logo-b.png","contentUrl":"https:\/\/adassonval.com\/wp-content\/uploads\/2026\/01\/cropped-logo-b.png","width":1534,"height":672,"caption":"ADassonval"},"image":{"@id":"https:\/\/adassonval.com\/#\/schema\/logo\/image\/"}}]}},"_links":{"self":[{"href":"https:\/\/adassonval.com\/index.php\/wp-json\/wp\/v2\/pages\/10","targetHints":{"allow":["GET"]}}],"collection":[{"href":"https:\/\/adassonval.com\/index.php\/wp-json\/wp\/v2\/pages"}],"about":[{"href":"https:\/\/adassonval.com\/index.php\/wp-json\/wp\/v2\/types\/page"}],"author":[{"embeddable":true,"href":"https:\/\/adassonval.com\/index.php\/wp-json\/wp\/v2\/users\/1"}],"replies":[{"embeddable":true,"href":"https:\/\/adassonval.com\/index.php\/wp-json\/wp\/v2\/comments?post=10"}],"version-history":[{"count":87,"href":"https:\/\/adassonval.com\/index.php\/wp-json\/wp\/v2\/pages\/10\/revisions"}],"predecessor-version":[{"id":248,"href":"https:\/\/adassonval.com\/index.php\/wp-json\/wp\/v2\/pages\/10\/revisions\/248"}],"wp:attachment":[{"href":"https:\/\/adassonval.com\/index.php\/wp-json\/wp\/v2\/media?parent=10"}],"curies":[{"name":"wp","href":"https:\/\/api.w.org\/{rel}","templated":true}]}}