{"id":12,"date":"2026-01-03T09:54:41","date_gmt":"2026-01-03T09:54:41","guid":{"rendered":"http:\/\/adassonval.com\/?page_id=12"},"modified":"2026-01-15T18:33:36","modified_gmt":"2026-01-15T18:33:36","slug":"nos-service","status":"publish","type":"page","link":"https:\/\/adassonval.com\/index.php\/nos-service\/","title":{"rendered":"Mes solutions"},"content":{"rendered":"\t\t<div data-elementor-type=\"wp-page\" data-elementor-id=\"12\" class=\"elementor elementor-12\">\n\t\t\t\t<div class=\"elementor-element elementor-element-6930118 e-flex e-con-boxed e-con e-parent\" data-id=\"6930118\" data-element_type=\"container\" data-e-type=\"container\">\n\t\t\t\t\t<div class=\"e-con-inner\">\n\t\t<div class=\"elementor-element elementor-element-155fea7 e-con-full e-flex e-con e-child\" data-id=\"155fea7\" data-element_type=\"container\" data-e-type=\"container\">\n\t\t\t\t<div class=\"elementor-element elementor-element-8f4f770 elementor-widget elementor-widget-heading\" data-id=\"8f4f770\" data-element_type=\"widget\" data-e-type=\"widget\" data-widget_type=\"heading.default\">\n\t\t\t\t\t<h2 class=\"elementor-heading-title elementor-size-default\">Site vitrine<\/h2>\t\t\t\t<\/div>\n\t\t\t\t<div class=\"elementor-element elementor-element-7c7d53c elementor-widget elementor-widget-heading\" data-id=\"7c7d53c\" data-element_type=\"widget\" data-e-type=\"widget\" data-widget_type=\"heading.default\">\n\t\t\t\t\t<h4 class=\"elementor-heading-title elementor-size-default\"><span data-path-to-node=\"3,0\" data-index-in-node=\"0\" style=\"font-family: Roboto, sans-serif;font-size: 18px;font-style: normal;font-weight: 600;text-align: center\">Le Site Vitrine : Votre carte de visite 24h\/24.<\/span><\/h4>\t\t\t\t<\/div>\n\t\t\t\t<div class=\"elementor-element elementor-element-77ad5ed elementor-widget__width-inherit elementor-widget elementor-widget-text-editor\" data-id=\"77ad5ed\" data-element_type=\"widget\" data-e-type=\"widget\" data-widget_type=\"text-editor.default\">\n\t\t\t\t\t\t\t\t\t<p>Comme une vitrine de magasin, ce site sert \u00e0 pr\u00e9senter votre activit\u00e9, vos services et vos r\u00e9alisations. Son objectif est de rassurer vos clients, de renforcer votre image de marque et de g\u00e9n\u00e9rer des prises de contact (appels ou messages).<\/p><p><strong>Un outil de croissance au service de votre image :<\/strong><\/p><ul><li><span style=\"font-size: 14px;\"><strong>Visibilit\u00e9 permanente :<\/strong> Pr\u00e9sentez votre activit\u00e9, vos services et vos valeurs \u00e0 tout moment et sur tous les supports (mobile, tablette, ordinateur).<\/span><\/li><li><strong>Preuve sociale :<\/strong> Valorisez vos r\u00e9alisations pour d\u00e9montrer votre expertise et instaurer un climat de confiance imm\u00e9diat.<\/li><li><strong>Levier de conversion :<\/strong> Un parcours utilisateur optimis\u00e9 pour encourager la prise de contact rapide (boutons d&rsquo;appel, formulaires intuitifs).<\/li><li><strong>Notori\u00e9t\u00e9 :<\/strong> Renforcez votre image de marque face \u00e0 la concurrence avec une identit\u00e9 visuelle forte et professionnelle.<\/li><\/ul><p>Vous avez un projet ou une question ? <a href=\"https:\/\/adassonval.com\/index.php\/contact\/\">Contactez-moi<\/a> d\u00e8s maintenant pour en discuter.<\/p>\t\t\t\t\t\t\t\t<\/div>\n\t\t\t\t<\/div>\n\t\t\t\t<div class=\"elementor-element elementor-element-721ad8e elementor-widget elementor-widget-image\" data-id=\"721ad8e\" data-element_type=\"widget\" data-e-type=\"widget\" data-widget_type=\"image.default\">\n\t\t\t\t\t\t\t\t\t\t\t\t\t\t\t<img fetchpriority=\"high\" decoding=\"async\" width=\"744\" height=\"530\" src=\"http:\/\/adassonval.com\/wp-content\/uploads\/2026\/01\/vitrine-Rose-e1767471670899.png\" class=\"attachment-large size-large wp-image-59\" alt=\"\" srcset=\"http:\/\/adassonval.com\/wp-content\/uploads\/2026\/01\/vitrine-Rose-e1767471670899.png 744w, http:\/\/adassonval.com\/wp-content\/uploads\/2026\/01\/vitrine-Rose-e1767471670899-300x214.png 300w\" sizes=\"(max-width: 744px) 100vw, 744px\" \/>\t\t\t\t\t\t\t\t\t\t\t\t\t\t\t<\/div>\n\t\t\t\t\t<\/div>\n\t\t\t\t<\/div>\n\t\t<div class=\"elementor-element elementor-element-41f1c61 e-flex e-con-boxed e-con e-parent\" data-id=\"41f1c61\" data-element_type=\"container\" data-e-type=\"container\">\n\t\t\t\t\t<div class=\"e-con-inner\">\n\t\t<div class=\"elementor-element elementor-element-6c5939c e-con-full e-flex e-con e-child\" data-id=\"6c5939c\" data-element_type=\"container\" data-e-type=\"container\">\n\t\t\t\t<div class=\"elementor-element elementor-element-bd0e6d2 elementor-widget elementor-widget-heading\" data-id=\"bd0e6d2\" data-element_type=\"widget\" data-e-type=\"widget\" data-widget_type=\"heading.default\">\n\t\t\t\t\t<h2 class=\"elementor-heading-title elementor-size-default\">Site e-commerce<\/h2>\t\t\t\t<\/div>\n\t\t\t\t<div class=\"elementor-element elementor-element-23f7730 elementor-widget elementor-widget-heading\" data-id=\"23f7730\" data-element_type=\"widget\" data-e-type=\"widget\" data-widget_type=\"heading.default\">\n\t\t\t\t\t<h4 class=\"elementor-heading-title elementor-size-default\">Le Site E-commerce : Votre boutique en ligne compl\u00e8te.<\/h4>\t\t\t\t<\/div>\n\t\t\t\t<div class=\"elementor-element elementor-element-d41f9e0 elementor-widget__width-initial elementor-widget elementor-widget-text-editor\" data-id=\"d41f9e0\" data-element_type=\"widget\" data-e-type=\"widget\" data-widget_type=\"text-editor.default\">\n\t\t\t\t\t\t\t\t\t<p>C&rsquo;est un v\u00e9ritable magasin d\u00e9mat\u00e9rialis\u00e9. Il permet aux clients de parcourir un catalogue, d&rsquo;ajouter des produits \u00e0 un panier et de payer directement de mani\u00e8re s\u00e9curis\u00e9e. Son objectif est de transformer chaque visite en vente imm\u00e9diate.<\/p><p><strong>Une machine de vente au service de votre rentabilit\u00e9<\/strong><\/p><ul><li><strong>Exp\u00e9rience d&rsquo;achat fluide<\/strong> <strong>:<\/strong> Vendez en toute simplicit\u00e9. Proposez un parcours client sans friction, de la d\u00e9couverte du produit jusqu&rsquo;au paiement final. Un catalogue structur\u00e9 et une navigation intuitive permettent \u00e0 vos acheteurs de trouver exactement ce qu&rsquo;ils cherchent en quelques secondes.<\/li><li><strong>Paiement s\u00e9curis\u00e9 &amp; Confiance :<\/strong> Rassurez pour mieux convertir. Int\u00e9grez les solutions de paiement les plus fiables (Carte Bancaire, PayPal, Apple Pay). En offrant un environnement transactionnel s\u00e9curis\u00e9, vous levez les derniers freins \u00e0 l&rsquo;achat et garantissez une s\u00e9r\u00e9nit\u00e9 totale \u00e0 vos clients.<\/li><li><strong>Gestion autonome &amp; Disponibilit\u00e9 :<\/strong> Votre business ne dort jamais. Contrairement \u00e0 un point de vente physique, votre boutique en ligne encaisse des commandes 24h\/24 et 7j\/7. G\u00e9rez vos stocks, vos promotions et vos commandes en temps r\u00e9el gr\u00e2ce \u00e0 une interface d&rsquo;administration simplifi\u00e9e.<\/li><li><strong>Analyse et Fid\u00e9lisation :<\/strong> Comprenez vos clients pour vendre plus. Exploitez les donn\u00e9es de vos ventes pour identifier vos produits phares et le comportement de vos acheteurs. Utilisez ces informations pour cr\u00e9er des offres cibl\u00e9es et transformer un acheteur occasionnel en un client fid\u00e8le.<\/li><\/ul><div>Vous avez un projet ou une question ? <a href=\"https:\/\/adassonval.com\/index.php\/contact\/\">Contactez-moi<\/a> d\u00e8s maintenant pour en discuter.<\/div>\t\t\t\t\t\t\t\t<\/div>\n\t\t\t\t<\/div>\n\t\t\t\t<div class=\"elementor-element elementor-element-ae86378 elementor-widget elementor-widget-image\" data-id=\"ae86378\" data-element_type=\"widget\" data-e-type=\"widget\" data-widget_type=\"image.default\">\n\t\t\t\t\t\t\t\t\t\t\t\t\t\t\t<img decoding=\"async\" width=\"581\" height=\"412\" src=\"http:\/\/adassonval.com\/wp-content\/uploads\/2026\/01\/Shop-orange-1-e1767471637968.png\" class=\"attachment-large size-large wp-image-62\" alt=\"\" srcset=\"http:\/\/adassonval.com\/wp-content\/uploads\/2026\/01\/Shop-orange-1-e1767471637968.png 581w, http:\/\/adassonval.com\/wp-content\/uploads\/2026\/01\/Shop-orange-1-e1767471637968-300x213.png 300w\" sizes=\"(max-width: 581px) 100vw, 581px\" \/>\t\t\t\t\t\t\t\t\t\t\t\t\t\t\t<\/div>\n\t\t\t\t\t<\/div>\n\t\t\t\t<\/div>\n\t\t<div class=\"elementor-element elementor-element-4e01866 e-flex e-con-boxed e-con e-parent\" data-id=\"4e01866\" data-element_type=\"container\" data-e-type=\"container\">\n\t\t\t\t\t<div class=\"e-con-inner\">\n\t\t<div class=\"elementor-element elementor-element-66f8213 e-con-full e-flex e-con e-child\" data-id=\"66f8213\" data-element_type=\"container\" data-e-type=\"container\">\n\t\t\t\t<div class=\"elementor-element elementor-element-840d855 elementor-widget elementor-widget-heading\" data-id=\"840d855\" data-element_type=\"widget\" data-e-type=\"widget\" data-widget_type=\"heading.default\">\n\t\t\t\t\t<h2 class=\"elementor-heading-title elementor-size-default\">Sp\u00e9cifique<\/h2>\t\t\t\t<\/div>\n\t\t\t\t<div class=\"elementor-element elementor-element-ae65808 elementor-widget elementor-widget-heading\" data-id=\"ae65808\" data-element_type=\"widget\" data-e-type=\"widget\" data-widget_type=\"heading.default\">\n\t\t\t\t\t<h4 class=\"elementor-heading-title elementor-size-default\">Le d\u00e9veloppement sp\u00e9cifique : Une solution unique pour des besoins uniques.<\/h4>\t\t\t\t<\/div>\n\t\t\t\t<div class=\"elementor-element elementor-element-f724b42 elementor-widget__width-initial elementor-widget elementor-widget-text-editor\" data-id=\"f724b42\" data-element_type=\"widget\" data-e-type=\"widget\" data-widget_type=\"text-editor.default\">\n\t\t\t\t\t\t\t\t\t<p>Pour tout projet de d\u00e9veloppement sp\u00e9cifique, je vous invite \u00e0 me contacter directement. Chaque besoin \u00e9tant unique, nous prendrons le temps d&rsquo;\u00e9changer sur vos probl\u00e9matiques m\u00e9tiers afin d&rsquo;\u00e9tudier la faisabilit\u00e9 technique et de d\u00e9finir ensemble ce qu&rsquo;il est envisageable de mettre en place pour votre projet.<\/p><p>Vous avez un projet ou une question ? <a href=\"https:\/\/adassonval.com\/index.php\/contact\/\">Contactez-moi<\/a> d\u00e8s maintenant pour en discuter.<\/p>\t\t\t\t\t\t\t\t<\/div>\n\t\t\t\t<\/div>\n\t\t\t\t<div class=\"elementor-element elementor-element-846bffe elementor-widget elementor-widget-image\" data-id=\"846bffe\" data-element_type=\"widget\" data-e-type=\"widget\" data-widget_type=\"image.default\">\n\t\t\t\t\t\t\t\t\t\t\t\t\t\t\t<img decoding=\"async\" width=\"740\" height=\"522\" src=\"http:\/\/adassonval.com\/wp-content\/uploads\/2026\/01\/shop-vert-e1768501996673.png\" class=\"attachment-large size-large wp-image-145\" alt=\"\" srcset=\"http:\/\/adassonval.com\/wp-content\/uploads\/2026\/01\/shop-vert-e1768501996673.png 740w, http:\/\/adassonval.com\/wp-content\/uploads\/2026\/01\/shop-vert-e1768501996673-300x212.png 300w\" sizes=\"(max-width: 740px) 100vw, 740px\" \/>\t\t\t\t\t\t\t\t\t\t\t\t\t\t\t<\/div>\n\t\t\t\t\t<\/div>\n\t\t\t\t<\/div>\n\t\t\t\t<\/div>\n\t\t","protected":false},"excerpt":{"rendered":"<p>Site vitrine Le Site Vitrine : Votre carte de visite 24h\/24. Comme une vitrine de magasin, ce site sert \u00e0 pr\u00e9senter votre activit\u00e9, vos services et vos r\u00e9alisations. Son objectif est de rassurer vos clients, de renforcer votre image de marque et de g\u00e9n\u00e9rer des prises de contact (appels ou messages). Un outil de croissance [&hellip;]<\/p>\n","protected":false},"author":1,"featured_media":0,"parent":0,"menu_order":0,"comment_status":"closed","ping_status":"closed","template":"","meta":{"ocean_post_layout":"","ocean_both_sidebars_style":"","ocean_both_sidebars_content_width":0,"ocean_both_sidebars_sidebars_width":0,"ocean_sidebar":"","ocean_second_sidebar":"","ocean_disable_margins":"enable","ocean_add_body_class":"","ocean_shortcode_before_top_bar":"","ocean_shortcode_after_top_bar":"","ocean_shortcode_before_header":"","ocean_shortcode_after_header":"","ocean_has_shortcode":"","ocean_shortcode_after_title":"","ocean_shortcode_before_footer_widgets":"","ocean_shortcode_after_footer_widgets":"","ocean_shortcode_before_footer_bottom":"","ocean_shortcode_after_footer_bottom":"","ocean_display_top_bar":"default","ocean_display_header":"default","ocean_header_style":"","ocean_center_header_left_menu":"","ocean_custom_header_template":"","ocean_custom_logo":0,"ocean_custom_retina_logo":0,"ocean_custom_logo_max_width":0,"ocean_custom_logo_tablet_max_width":0,"ocean_custom_logo_mobile_max_width":0,"ocean_custom_logo_max_height":0,"ocean_custom_logo_tablet_max_height":0,"ocean_custom_logo_mobile_max_height":0,"ocean_header_custom_menu":"","ocean_menu_typo_font_family":"","ocean_menu_typo_font_subset":"","ocean_menu_typo_font_size":0,"ocean_menu_typo_font_size_tablet":0,"ocean_menu_typo_font_size_mobile":0,"ocean_menu_typo_font_size_unit":"px","ocean_menu_typo_font_weight":"","ocean_menu_typo_font_weight_tablet":"","ocean_menu_typo_font_weight_mobile":"","ocean_menu_typo_transform":"","ocean_menu_typo_transform_tablet":"","ocean_menu_typo_transform_mobile":"","ocean_menu_typo_line_height":0,"ocean_menu_typo_line_height_tablet":0,"ocean_menu_typo_line_height_mobile":0,"ocean_menu_typo_line_height_unit":"","ocean_menu_typo_spacing":0,"ocean_menu_typo_spacing_tablet":0,"ocean_menu_typo_spacing_mobile":0,"ocean_menu_typo_spacing_unit":"","ocean_menu_link_color":"","ocean_menu_link_color_hover":"","ocean_menu_link_color_active":"","ocean_menu_link_background":"","ocean_menu_link_hover_background":"","ocean_menu_link_active_background":"","ocean_menu_social_links_bg":"","ocean_menu_social_hover_links_bg":"","ocean_menu_social_links_color":"","ocean_menu_social_hover_links_color":"","ocean_disable_title":"on","ocean_disable_heading":"default","ocean_post_title":"","ocean_post_subheading":"","ocean_post_title_style":"","ocean_post_title_background_color":"","ocean_post_title_background":0,"ocean_post_title_bg_image_position":"","ocean_post_title_bg_image_attachment":"","ocean_post_title_bg_image_repeat":"","ocean_post_title_bg_image_size":"","ocean_post_title_height":0,"ocean_post_title_bg_overlay":0.5,"ocean_post_title_bg_overlay_color":"","ocean_disable_breadcrumbs":"default","ocean_breadcrumbs_color":"","ocean_breadcrumbs_separator_color":"","ocean_breadcrumbs_links_color":"","ocean_breadcrumbs_links_hover_color":"","ocean_display_footer_widgets":"default","ocean_display_footer_bottom":"default","ocean_custom_footer_template":"","footnotes":""},"class_list":["post-12","page","type-page","status-publish","hentry","entry"],"yoast_head":"<!-- This site is optimized with the Yoast SEO plugin v27.2 - https:\/\/yoast.com\/product\/yoast-seo-wordpress\/ -->\n<title>Mes solutions - ADassonval<\/title>\n<meta name=\"robots\" content=\"index, follow, max-snippet:-1, max-image-preview:large, max-video-preview:-1\" \/>\n<link rel=\"canonical\" href=\"http:\/\/adassonval.com\/index.php\/nos-service\/\" \/>\n<meta property=\"og:locale\" content=\"fr_FR\" \/>\n<meta property=\"og:type\" content=\"article\" \/>\n<meta property=\"og:title\" content=\"Mes solutions - ADassonval\" \/>\n<meta property=\"og:description\" content=\"Site vitrine Le Site Vitrine : Votre carte de visite 24h\/24. Comme une vitrine de magasin, ce site sert \u00e0 pr\u00e9senter votre activit\u00e9, vos services et vos r\u00e9alisations. Son objectif est de rassurer vos clients, de renforcer votre image de marque et de g\u00e9n\u00e9rer des prises de contact (appels ou messages). Un outil de croissance [&hellip;]\" \/>\n<meta property=\"og:url\" content=\"http:\/\/adassonval.com\/index.php\/nos-service\/\" \/>\n<meta property=\"og:site_name\" content=\"ADassonval\" \/>\n<meta property=\"article:modified_time\" content=\"2026-01-15T18:33:36+00:00\" \/>\n<meta property=\"og:image\" content=\"http:\/\/adassonval.com\/wp-content\/uploads\/2026\/01\/vitrine-Rose-e1767471670899.png\" \/>\n<meta name=\"twitter:card\" content=\"summary_large_image\" \/>\n<meta name=\"twitter:label1\" content=\"Dur\u00e9e de lecture estim\u00e9e\" \/>\n\t<meta name=\"twitter:data1\" content=\"2 minutes\" \/>\n<script type=\"application\/ld+json\" class=\"yoast-schema-graph\">{\"@context\":\"https:\/\/schema.org\",\"@graph\":[{\"@type\":\"WebPage\",\"@id\":\"http:\/\/adassonval.com\/index.php\/nos-service\/\",\"url\":\"http:\/\/adassonval.com\/index.php\/nos-service\/\",\"name\":\"Mes solutions - ADassonval\",\"isPartOf\":{\"@id\":\"https:\/\/adassonval.com\/#website\"},\"primaryImageOfPage\":{\"@id\":\"http:\/\/adassonval.com\/index.php\/nos-service\/#primaryimage\"},\"image\":{\"@id\":\"http:\/\/adassonval.com\/index.php\/nos-service\/#primaryimage\"},\"thumbnailUrl\":\"http:\/\/adassonval.com\/wp-content\/uploads\/2026\/01\/vitrine-Rose-e1767471670899.png\",\"datePublished\":\"2026-01-03T09:54:41+00:00\",\"dateModified\":\"2026-01-15T18:33:36+00:00\",\"breadcrumb\":{\"@id\":\"http:\/\/adassonval.com\/index.php\/nos-service\/#breadcrumb\"},\"inLanguage\":\"fr-FR\",\"potentialAction\":[{\"@type\":\"ReadAction\",\"target\":[\"http:\/\/adassonval.com\/index.php\/nos-service\/\"]}]},{\"@type\":\"ImageObject\",\"inLanguage\":\"fr-FR\",\"@id\":\"http:\/\/adassonval.com\/index.php\/nos-service\/#primaryimage\",\"url\":\"https:\/\/adassonval.com\/wp-content\/uploads\/2026\/01\/vitrine-Rose-e1767471670899.png\",\"contentUrl\":\"https:\/\/adassonval.com\/wp-content\/uploads\/2026\/01\/vitrine-Rose-e1767471670899.png\",\"width\":744,\"height\":530},{\"@type\":\"BreadcrumbList\",\"@id\":\"http:\/\/adassonval.com\/index.php\/nos-service\/#breadcrumb\",\"itemListElement\":[{\"@type\":\"ListItem\",\"position\":1,\"name\":\"Accueil\",\"item\":\"https:\/\/adassonval.com\/\"},{\"@type\":\"ListItem\",\"position\":2,\"name\":\"Mes solutions\"}]},{\"@type\":\"WebSite\",\"@id\":\"https:\/\/adassonval.com\/#website\",\"url\":\"https:\/\/adassonval.com\/\",\"name\":\"ADassonval\",\"description\":\"\",\"publisher\":{\"@id\":\"https:\/\/adassonval.com\/#organization\"},\"potentialAction\":[{\"@type\":\"SearchAction\",\"target\":{\"@type\":\"EntryPoint\",\"urlTemplate\":\"https:\/\/adassonval.com\/?s={search_term_string}\"},\"query-input\":{\"@type\":\"PropertyValueSpecification\",\"valueRequired\":true,\"valueName\":\"search_term_string\"}}],\"inLanguage\":\"fr-FR\"},{\"@type\":\"Organization\",\"@id\":\"https:\/\/adassonval.com\/#organization\",\"name\":\"ADassonval\",\"url\":\"https:\/\/adassonval.com\/\",\"logo\":{\"@type\":\"ImageObject\",\"inLanguage\":\"fr-FR\",\"@id\":\"https:\/\/adassonval.com\/#\/schema\/logo\/image\/\",\"url\":\"https:\/\/adassonval.com\/wp-content\/uploads\/2026\/01\/cropped-logo-b.png\",\"contentUrl\":\"https:\/\/adassonval.com\/wp-content\/uploads\/2026\/01\/cropped-logo-b.png\",\"width\":1534,\"height\":672,\"caption\":\"ADassonval\"},\"image\":{\"@id\":\"https:\/\/adassonval.com\/#\/schema\/logo\/image\/\"}}]}<\/script>\n<!-- \/ Yoast SEO plugin. -->","yoast_head_json":{"title":"Mes solutions - ADassonval","robots":{"index":"index","follow":"follow","max-snippet":"max-snippet:-1","max-image-preview":"max-image-preview:large","max-video-preview":"max-video-preview:-1"},"canonical":"http:\/\/adassonval.com\/index.php\/nos-service\/","og_locale":"fr_FR","og_type":"article","og_title":"Mes solutions - ADassonval","og_description":"Site vitrine Le Site Vitrine : Votre carte de visite 24h\/24. Comme une vitrine de magasin, ce site sert \u00e0 pr\u00e9senter votre activit\u00e9, vos services et vos r\u00e9alisations. Son objectif est de rassurer vos clients, de renforcer votre image de marque et de g\u00e9n\u00e9rer des prises de contact (appels ou messages). Un outil de croissance [&hellip;]","og_url":"http:\/\/adassonval.com\/index.php\/nos-service\/","og_site_name":"ADassonval","article_modified_time":"2026-01-15T18:33:36+00:00","og_image":[{"url":"http:\/\/adassonval.com\/wp-content\/uploads\/2026\/01\/vitrine-Rose-e1767471670899.png","type":"","width":"","height":""}],"twitter_card":"summary_large_image","twitter_misc":{"Dur\u00e9e de lecture estim\u00e9e":"2 minutes"},"schema":{"@context":"https:\/\/schema.org","@graph":[{"@type":"WebPage","@id":"http:\/\/adassonval.com\/index.php\/nos-service\/","url":"http:\/\/adassonval.com\/index.php\/nos-service\/","name":"Mes solutions - ADassonval","isPartOf":{"@id":"https:\/\/adassonval.com\/#website"},"primaryImageOfPage":{"@id":"http:\/\/adassonval.com\/index.php\/nos-service\/#primaryimage"},"image":{"@id":"http:\/\/adassonval.com\/index.php\/nos-service\/#primaryimage"},"thumbnailUrl":"http:\/\/adassonval.com\/wp-content\/uploads\/2026\/01\/vitrine-Rose-e1767471670899.png","datePublished":"2026-01-03T09:54:41+00:00","dateModified":"2026-01-15T18:33:36+00:00","breadcrumb":{"@id":"http:\/\/adassonval.com\/index.php\/nos-service\/#breadcrumb"},"inLanguage":"fr-FR","potentialAction":[{"@type":"ReadAction","target":["http:\/\/adassonval.com\/index.php\/nos-service\/"]}]},{"@type":"ImageObject","inLanguage":"fr-FR","@id":"http:\/\/adassonval.com\/index.php\/nos-service\/#primaryimage","url":"https:\/\/adassonval.com\/wp-content\/uploads\/2026\/01\/vitrine-Rose-e1767471670899.png","contentUrl":"https:\/\/adassonval.com\/wp-content\/uploads\/2026\/01\/vitrine-Rose-e1767471670899.png","width":744,"height":530},{"@type":"BreadcrumbList","@id":"http:\/\/adassonval.com\/index.php\/nos-service\/#breadcrumb","itemListElement":[{"@type":"ListItem","position":1,"name":"Accueil","item":"https:\/\/adassonval.com\/"},{"@type":"ListItem","position":2,"name":"Mes solutions"}]},{"@type":"WebSite","@id":"https:\/\/adassonval.com\/#website","url":"https:\/\/adassonval.com\/","name":"ADassonval","description":"","publisher":{"@id":"https:\/\/adassonval.com\/#organization"},"potentialAction":[{"@type":"SearchAction","target":{"@type":"EntryPoint","urlTemplate":"https:\/\/adassonval.com\/?s={search_term_string}"},"query-input":{"@type":"PropertyValueSpecification","valueRequired":true,"valueName":"search_term_string"}}],"inLanguage":"fr-FR"},{"@type":"Organization","@id":"https:\/\/adassonval.com\/#organization","name":"ADassonval","url":"https:\/\/adassonval.com\/","logo":{"@type":"ImageObject","inLanguage":"fr-FR","@id":"https:\/\/adassonval.com\/#\/schema\/logo\/image\/","url":"https:\/\/adassonval.com\/wp-content\/uploads\/2026\/01\/cropped-logo-b.png","contentUrl":"https:\/\/adassonval.com\/wp-content\/uploads\/2026\/01\/cropped-logo-b.png","width":1534,"height":672,"caption":"ADassonval"},"image":{"@id":"https:\/\/adassonval.com\/#\/schema\/logo\/image\/"}}]}},"_links":{"self":[{"href":"https:\/\/adassonval.com\/index.php\/wp-json\/wp\/v2\/pages\/12","targetHints":{"allow":["GET"]}}],"collection":[{"href":"https:\/\/adassonval.com\/index.php\/wp-json\/wp\/v2\/pages"}],"about":[{"href":"https:\/\/adassonval.com\/index.php\/wp-json\/wp\/v2\/types\/page"}],"author":[{"embeddable":true,"href":"https:\/\/adassonval.com\/index.php\/wp-json\/wp\/v2\/users\/1"}],"replies":[{"embeddable":true,"href":"https:\/\/adassonval.com\/index.php\/wp-json\/wp\/v2\/comments?post=12"}],"version-history":[{"count":6,"href":"https:\/\/adassonval.com\/index.php\/wp-json\/wp\/v2\/pages\/12\/revisions"}],"predecessor-version":[{"id":148,"href":"https:\/\/adassonval.com\/index.php\/wp-json\/wp\/v2\/pages\/12\/revisions\/148"}],"wp:attachment":[{"href":"https:\/\/adassonval.com\/index.php\/wp-json\/wp\/v2\/media?parent=12"}],"curies":[{"name":"wp","href":"https:\/\/api.w.org\/{rel}","templated":true}]}}